{"id":16,"date":"2019-01-06T19:52:35","date_gmt":"2019-01-06T19:52:35","guid":{"rendered":"http:\/\/beta.fusspflege-fuenfzehen.de\/?page_id=16"},"modified":"2019-02-23T21:59:43","modified_gmt":"2019-02-23T20:59:43","slug":"kontakt-zu-mir","status":"publish","type":"page","link":"https:\/\/beta.fusspflege-fuenfzehen.de\/?page_id=16","title":{"rendered":"mein Einsatzgebiet"},"content":{"rendered":"\n<figure class=\"wp-block-image is-resized\"><img loading=\"lazy\" decoding=\"async\" src=\"https:\/\/beta.fusspflege-fuenfzehen.de\/wp-content\/uploads\/2019\/02\/karte-01.png\" alt=\"\" class=\"wp-image-153\" width=\"737\" height=\"737\" srcset=\"https:\/\/beta.fusspflege-fuenfzehen.de\/wp-content\/uploads\/2019\/02\/karte-01.png 1474w, https:\/\/beta.fusspflege-fuenfzehen.de\/wp-content\/uploads\/2019\/02\/karte-01-150x150.png 150w, https:\/\/beta.fusspflege-fuenfzehen.de\/wp-content\/uploads\/2019\/02\/karte-01-300x300.png 300w, https:\/\/beta.fusspflege-fuenfzehen.de\/wp-content\/uploads\/2019\/02\/karte-01-768x768.png 768w, https:\/\/beta.fusspflege-fuenfzehen.de\/wp-content\/uploads\/2019\/02\/karte-01-1024x1024.png 1024w, https:\/\/beta.fusspflege-fuenfzehen.de\/wp-content\/uploads\/2019\/02\/karte-01-100x100.png 100w\" sizes=\"auto, (max-width: 737px) 100vw, 737px\" \/><figcaption><strong>Gerne komme ich zu einer Behandlung direkt zu Ihnen nach Hause &#8230;<\/strong><br>  <br><strong> \u2026im Stadtgebiet Trier nach<\/strong><br> Mitte\/Gartenfeld, Nord, S\u00fcd, Ehrang\/Quint, Pfalzel, Biewer, Ruwer\/Eitelsbach, West\/Pallien, Euren (ohne Herresthal), Olewig, K\u00fcrenz (Weidengraben, Petrisberg), Tarforst, Filsch, Irsch, Kernscheid, Feyen\/Weismark, Heiligkreuz, Mariahof  <br><br><strong> \u2026 in der Verbandsgemeinde Schweich nach<\/strong><br> Bekond, Ensch, Fell, Fell-Fastrau, F\u00f6hren, Kenn, Kenn-Kennerley, Kl\u00fcsserath, Longen, Longuich, Longuich-Kirsch, Mehring, Mehring-L\u00f6rsch, Naurath (Eifel), P\u00f6lich, Riol, Schleich, Schweich, Schweich-Issel<br> \u00a0<br><strong> \u2026 in der Verbandsgemeinde Ruwer nach<\/strong><br> Gutweiler, Herl, Hinzenburg, Holzerath, Kasel, Korlingen, Mertesdorf, Morscheid, Riveris, Sommerau, Waldrach<br> \u00a0<br><strong> \u2026 in der Verbandsgemeinde Trier-Land nach<\/strong><br> Kordel, Trierweiler, Trierweiler-Sirzenich, Zemmer, Zemmer-Rodt, Zemmer-Schleidweiler<br><\/figcaption><\/figure>\n","protected":false},"excerpt":{"rendered":"","protected":false},"author":1,"featured_media":0,"parent":0,"menu_order":0,"comment_status":"closed","ping_status":"closed","template":"","meta":{"footnotes":""},"class_list":["post-16","page","type-page","status-publish","hentry"],"_links":{"self":[{"href":"https:\/\/beta.fusspflege-fuenfzehen.de\/index.php?rest_route=\/wp\/v2\/pages\/16","targetHints":{"allow":["GET"]}}],"collection":[{"href":"https:\/\/beta.fusspflege-fuenfzehen.de\/index.php?rest_route=\/wp\/v2\/pages"}],"about":[{"href":"https:\/\/beta.fusspflege-fuenfzehen.de\/index.php?rest_route=\/wp\/v2\/types\/page"}],"author":[{"embeddable":true,"href":"https:\/\/beta.fusspflege-fuenfzehen.de\/index.php?rest_route=\/wp\/v2\/users\/1"}],"replies":[{"embeddable":true,"href":"https:\/\/beta.fusspflege-fuenfzehen.de\/index.php?rest_route=%2Fwp%2Fv2%2Fcomments&post=16"}],"version-history":[{"count":13,"href":"https:\/\/beta.fusspflege-fuenfzehen.de\/index.php?rest_route=\/wp\/v2\/pages\/16\/revisions"}],"predecessor-version":[{"id":166,"href":"https:\/\/beta.fusspflege-fuenfzehen.de\/index.php?rest_route=\/wp\/v2\/pages\/16\/revisions\/166"}],"wp:attachment":[{"href":"https:\/\/beta.fusspflege-fuenfzehen.de\/index.php?rest_route=%2Fwp%2Fv2%2Fmedia&parent=16"}],"curies":[{"name":"wp","href":"https:\/\/api.w.org\/{rel}","templated":true}]}}