{"id":11,"date":"2019-01-06T19:51:19","date_gmt":"2019-01-06T19:51:19","guid":{"rendered":"http:\/\/beta.fusspflege-fuenfzehen.de\/?page_id=11"},"modified":"2019-01-18T05:30:32","modified_gmt":"2019-01-18T04:30:32","slug":"ueber-mich","status":"publish","type":"page","link":"https:\/\/beta.fusspflege-fuenfzehen.de\/?page_id=11","title":{"rendered":"\u00fcber mich"},"content":{"rendered":"\n<p>\n\nMein Name ist Antje J\u00fcngling, ich bin 40 Jahre alt, verheiratet und Mutter von zwei Kindern.&nbsp;<\/p>\n\n\n\n<p>Nach einem freiwilligen sozialen Jahr und einer Ausbildung zur exam. Krankenschwester sammelte ich anschlie\u00dfend 8 Jahre Berufserfahrung in Klinik, Blutspendedienst, ambulanter- und station\u00e4rer Pflege von vorrangig \u00e4lteren Menschen.&nbsp;<\/p>\n\n\n\n<p>W\u00e4hrend einer vierj\u00e4hrigen Babypause verfolgte ich das Pflegegeschehen am Markt. In 2011 habe ich eine zweimonatige Weiterbildung im Zweig der&nbsp;<strong>\u201eFu\u00dfpflege\u201c&nbsp;<\/strong>belegt und erfolgreich abgeschlossen, welche als Grundlage meiner in 2011 gegr\u00fcndeten Unternehmung anzusehen ist.<\/p>\n\n\n\n<p>Der urspr\u00fcnglich erlernte Beruf \u201e<strong>Krankenschwester<\/strong>\u201c erweitert durch ein ausgepr\u00e4gtes Hygieneverst\u00e4ndnis und Kenntnisse aus der Pflege von hilfsbed\u00fcrftigen Menschen diese Basis.&nbsp;<\/p>\n\n\n\n<p>Ich f\u00fchre&nbsp;<strong>nicht<\/strong>&nbsp;die Berufsbezeichnung&nbsp;<em>\u201ePodologe\u201c<\/em>&nbsp;oder&nbsp;<em>\u201emed. Fu\u00dfpfleger\u201c&nbsp;<\/em>(s.&nbsp;<a href=\"http:\/\/fusspflege-fuenfzehen.de\/impressum.html\">Rechtliches<\/a>). <\/p>\n","protected":false},"excerpt":{"rendered":"<p>Mein Name ist Antje J\u00fcngling, ich bin 40 Jahre alt, verheiratet und Mutter von zwei Kindern.&nbsp; Nach einem freiwilligen sozialen Jahr und einer Ausbildung zur exam. Krankenschwester sammelte ich anschlie\u00dfend 8 Jahre Berufserfahrung in Klinik, Blutspendedienst, ambulanter- und station\u00e4rer Pflege von vorrangig \u00e4lteren Menschen.&nbsp; W\u00e4hrend einer vierj\u00e4hrigen Babypause verfolgte ich das Pflegegeschehen am Markt. In &hellip; <\/p>\n<p class=\"link-more\"><a href=\"https:\/\/beta.fusspflege-fuenfzehen.de\/?page_id=11\" class=\"more-link\"><span class=\"screen-reader-text\">\u201e\u00fcber mich\u201c<\/span> weiterlesen<\/a><\/p>\n","protected":false},"author":1,"featured_media":139,"parent":0,"menu_order":0,"comment_status":"closed","ping_status":"closed","template":"","meta":{"footnotes":""},"class_list":["post-11","page","type-page","status-publish","has-post-thumbnail","hentry"],"_links":{"self":[{"href":"https:\/\/beta.fusspflege-fuenfzehen.de\/index.php?rest_route=\/wp\/v2\/pages\/11","targetHints":{"allow":["GET"]}}],"collection":[{"href":"https:\/\/beta.fusspflege-fuenfzehen.de\/index.php?rest_route=\/wp\/v2\/pages"}],"about":[{"href":"https:\/\/beta.fusspflege-fuenfzehen.de\/index.php?rest_route=\/wp\/v2\/types\/page"}],"author":[{"embeddable":true,"href":"https:\/\/beta.fusspflege-fuenfzehen.de\/index.php?rest_route=\/wp\/v2\/users\/1"}],"replies":[{"embeddable":true,"href":"https:\/\/beta.fusspflege-fuenfzehen.de\/index.php?rest_route=%2Fwp%2Fv2%2Fcomments&post=11"}],"version-history":[{"count":3,"href":"https:\/\/beta.fusspflege-fuenfzehen.de\/index.php?rest_route=\/wp\/v2\/pages\/11\/revisions"}],"predecessor-version":[{"id":102,"href":"https:\/\/beta.fusspflege-fuenfzehen.de\/index.php?rest_route=\/wp\/v2\/pages\/11\/revisions\/102"}],"wp:featuredmedia":[{"embeddable":true,"href":"https:\/\/beta.fusspflege-fuenfzehen.de\/index.php?rest_route=\/wp\/v2\/media\/139"}],"wp:attachment":[{"href":"https:\/\/beta.fusspflege-fuenfzehen.de\/index.php?rest_route=%2Fwp%2Fv2%2Fmedia&parent=11"}],"curies":[{"name":"wp","href":"https:\/\/api.w.org\/{rel}","templated":true}]}}